{"id":139,"date":"2014-02-04T12:50:12","date_gmt":"2014-02-04T11:50:12","guid":{"rendered":"http:\/\/www.kmtshop.nl\/producten-shop\/niet-gecategoriseerd\/tdr20003\/"},"modified":"2019-11-19T12:11:26","modified_gmt":"2019-11-19T11:11:26","slug":"tdr20003","status":"publish","type":"product","link":"https:\/\/www.kmtservices.nl\/shop\/producten-shop\/telecom\/meetbrug-en-tdr\/tdr20003\/","title":{"rendered":"TDR2000\/3"},"content":{"rendered":"<p>De TDR2000\/3 is een ergonomisch vormgegeven <strong>Time Domain reflectometer<\/strong> met 2 trac\u00e9s, een meetbereik tot 20 km en een resolutie vanaf 0,1 meter.<\/p>\n<h2>TDR2000\/3:<\/h2>\n<p>De TDR2000\/3 heeft beschikking over een twee kanalen, voor vergelijking van twee trac\u00e9sHoog resolutie kleurenscherm\u00a0met grote kijkhoek, onder vrijwel alle omstandigheden goed af te lezenStof- en spatwaterdicht conform beschermingsklasse IP54, uitstekend toepasbaar in de installatietechniekMet cursor zijn kabelfouten op 0,1 meter nauwkeurig te lokaliserenXpert mode\u00a0 voor lokaliseren van eerst volgende fout op zelfde trac\u00e9Uitgebreid geheugen om een opgeslagen trac\u00e9 met het huidige trac\u00e9 te vergelijken,\u00a0voor het nemen van\u00a0direct passende maatregelen op locatieGeschikt voor kabels met een impedantie van 25, 50, 75, 100 en 125\u03a9Met de drukknoppen is het instrument makkelijk te bedienen\u00a0<a href=\"http:\/\/www.kmtshop.nl\/wp-content\/uploads\/2014\/02\/TDR-20002.jpg\"><img loading=\"lazy\" decoding=\"async\" src=\"http:\/\/www.kmtshop.nl\/wp-content\/uploads\/2014\/02\/TDR-20002-300x250.jpg\" alt=\"TDR 2000\/3\" width=\"300\" height=\"250\" \/><\/a><\/p>\n","protected":false},"excerpt":{"rendered":"<p>De TDR 2000\/3 is een ergonomisch vormgegeven Time Domain reflectometer met 2 trac\u00e9s, een meetbereik tot 20 km en een resolutie vanaf 0,1 meter.<\/p>\n","protected":false},"featured_media":725,"comment_status":"closed","ping_status":"closed","template":"","meta":{"_acf_changed":false},"product_brand":[],"product_cat":[20,21],"product_tag":[12],"class_list":{"0":"post-139","1":"product","2":"type-product","3":"status-publish","4":"has-post-thumbnail","6":"product_cat-meetbrug-en-tdr","7":"product_cat-reflectormeters","8":"product_tag-megger","9":"wordpress-sticky","11":"first","12":"instock","13":"taxable","14":"shipping-taxable","15":"product-type-simple"},"acf":[],"yoast_head":"<!-- This site is optimized with the Yoast SEO plugin v27.3 - https:\/\/yoast.com\/product\/yoast-seo-wordpress\/ -->\n<title>TDR2000\/3 - Time Domain reflectrometer - koop je bij kmtshop<\/title>\n<meta name=\"description\" content=\"De TDR2000\/3, ergonomisch vormgegeven Time Domain reflectometer met 2 trac\u00e9s, meetbereik tot 20 km, resolutie vanaf 0,1 meter, bestel online bij KMT shop.\" \/>\n<meta name=\"robots\" content=\"index, follow, max-snippet:-1, max-image-preview:large, max-video-preview:-1\" \/>\n<link rel=\"canonical\" href=\"https:\/\/www.kmtservices.nl\/shop\/producten-shop\/telecom\/meetbrug-en-tdr\/tdr20003\/\" \/>\n<meta property=\"og:locale\" content=\"nl_NL\" \/>\n<meta property=\"og:type\" content=\"article\" \/>\n<meta property=\"og:title\" content=\"TDR2000\/3 - Time Domain reflectrometer - koop je bij kmtshop\" \/>\n<meta property=\"og:description\" content=\"De TDR2000\/3, ergonomisch vormgegeven Time Domain reflectometer met 2 trac\u00e9s, meetbereik tot 20 km, resolutie vanaf 0,1 meter, bestel online bij KMT shop.\" \/>\n<meta property=\"og:url\" content=\"https:\/\/www.kmtservices.nl\/shop\/producten-shop\/telecom\/meetbrug-en-tdr\/tdr20003\/\" \/>\n<meta property=\"og:site_name\" content=\"KMT Shop\" \/>\n<meta property=\"article:modified_time\" content=\"2019-11-19T11:11:26+00:00\" \/>\n<meta property=\"og:image\" content=\"https:\/\/www.kmtservices.nl\/shop\/wp-content\/uploads\/sites\/2\/2017\/02\/TDR2000_3.jpg\" \/>\n\t<meta property=\"og:image:width\" content=\"862\" \/>\n\t<meta property=\"og:image:height\" content=\"667\" \/>\n\t<meta property=\"og:image:type\" content=\"image\/jpeg\" \/>\n<meta name=\"twitter:card\" content=\"summary_large_image\" \/>\n<meta name=\"twitter:label1\" content=\"Geschatte leestijd\" \/>\n\t<meta name=\"twitter:data1\" content=\"1 minuut\" \/>\n<script type=\"application\/ld+json\" class=\"yoast-schema-graph\">{\"@context\":\"https:\\\/\\\/schema.org\",\"@graph\":[{\"@type\":\"WebPage\",\"@id\":\"https:\\\/\\\/www.kmtservices.nl\\\/shop\\\/producten-shop\\\/telecom\\\/meetbrug-en-tdr\\\/tdr20003\\\/\",\"url\":\"https:\\\/\\\/www.kmtservices.nl\\\/shop\\\/producten-shop\\\/telecom\\\/meetbrug-en-tdr\\\/tdr20003\\\/\",\"name\":\"TDR2000\\\/3 - Time Domain reflectrometer - koop je bij kmtshop\",\"isPartOf\":{\"@id\":\"https:\\\/\\\/www.kmtservices.nl\\\/shop\\\/#website\"},\"primaryImageOfPage\":{\"@id\":\"https:\\\/\\\/www.kmtservices.nl\\\/shop\\\/producten-shop\\\/telecom\\\/meetbrug-en-tdr\\\/tdr20003\\\/#primaryimage\"},\"image\":{\"@id\":\"https:\\\/\\\/www.kmtservices.nl\\\/shop\\\/producten-shop\\\/telecom\\\/meetbrug-en-tdr\\\/tdr20003\\\/#primaryimage\"},\"thumbnailUrl\":\"https:\\\/\\\/www.kmtservices.nl\\\/shop\\\/wp-content\\\/uploads\\\/sites\\\/2\\\/2017\\\/02\\\/TDR2000_3.jpg\",\"datePublished\":\"2014-02-04T11:50:12+00:00\",\"dateModified\":\"2019-11-19T11:11:26+00:00\",\"description\":\"De TDR2000\\\/3, ergonomisch vormgegeven Time Domain reflectometer met 2 trac\u00e9s, meetbereik tot 20 km, resolutie vanaf 0,1 meter, bestel online bij KMT shop.\",\"breadcrumb\":{\"@id\":\"https:\\\/\\\/www.kmtservices.nl\\\/shop\\\/producten-shop\\\/telecom\\\/meetbrug-en-tdr\\\/tdr20003\\\/#breadcrumb\"},\"inLanguage\":\"nl-NL\",\"potentialAction\":[{\"@type\":\"ReadAction\",\"target\":[\"https:\\\/\\\/www.kmtservices.nl\\\/shop\\\/producten-shop\\\/telecom\\\/meetbrug-en-tdr\\\/tdr20003\\\/\"]}]},{\"@type\":\"ImageObject\",\"inLanguage\":\"nl-NL\",\"@id\":\"https:\\\/\\\/www.kmtservices.nl\\\/shop\\\/producten-shop\\\/telecom\\\/meetbrug-en-tdr\\\/tdr20003\\\/#primaryimage\",\"url\":\"https:\\\/\\\/www.kmtservices.nl\\\/shop\\\/wp-content\\\/uploads\\\/sites\\\/2\\\/2017\\\/02\\\/TDR2000_3.jpg\",\"contentUrl\":\"https:\\\/\\\/www.kmtservices.nl\\\/shop\\\/wp-content\\\/uploads\\\/sites\\\/2\\\/2017\\\/02\\\/TDR2000_3.jpg\",\"width\":862,\"height\":667,\"caption\":\"tdr2000_3\"},{\"@type\":\"BreadcrumbList\",\"@id\":\"https:\\\/\\\/www.kmtservices.nl\\\/shop\\\/producten-shop\\\/telecom\\\/meetbrug-en-tdr\\\/tdr20003\\\/#breadcrumb\",\"itemListElement\":[{\"@type\":\"ListItem\",\"position\":1,\"name\":\"Home\",\"item\":\"https:\\\/\\\/www.kmtservices.nl\\\/shop\\\/\"},{\"@type\":\"ListItem\",\"position\":2,\"name\":\"Producten &#038; Shop\",\"item\":\"https:\\\/\\\/www.kmtservices.nl\\\/shop\\\/producten-shop\\\/\"},{\"@type\":\"ListItem\",\"position\":3,\"name\":\"TDR2000\\\/3\"}]},{\"@type\":\"WebSite\",\"@id\":\"https:\\\/\\\/www.kmtservices.nl\\\/shop\\\/#website\",\"url\":\"https:\\\/\\\/www.kmtservices.nl\\\/shop\\\/\",\"name\":\"KMT Shop\",\"description\":\"Een onderdeel van KMT Services B.V.\",\"potentialAction\":[{\"@type\":\"SearchAction\",\"target\":{\"@type\":\"EntryPoint\",\"urlTemplate\":\"https:\\\/\\\/www.kmtservices.nl\\\/shop\\\/?s={search_term_string}\"},\"query-input\":{\"@type\":\"PropertyValueSpecification\",\"valueRequired\":true,\"valueName\":\"search_term_string\"}}],\"inLanguage\":\"nl-NL\"}]}<\/script>\n<!-- \/ Yoast SEO plugin. -->","yoast_head_json":{"title":"TDR2000\/3 - Time Domain reflectrometer - koop je bij kmtshop","description":"De TDR2000\/3, ergonomisch vormgegeven Time Domain reflectometer met 2 trac\u00e9s, meetbereik tot 20 km, resolutie vanaf 0,1 meter, bestel online bij KMT shop.","robots":{"index":"index","follow":"follow","max-snippet":"max-snippet:-1","max-image-preview":"max-image-preview:large","max-video-preview":"max-video-preview:-1"},"canonical":"https:\/\/www.kmtservices.nl\/shop\/producten-shop\/telecom\/meetbrug-en-tdr\/tdr20003\/","og_locale":"nl_NL","og_type":"article","og_title":"TDR2000\/3 - Time Domain reflectrometer - koop je bij kmtshop","og_description":"De TDR2000\/3, ergonomisch vormgegeven Time Domain reflectometer met 2 trac\u00e9s, meetbereik tot 20 km, resolutie vanaf 0,1 meter, bestel online bij KMT shop.","og_url":"https:\/\/www.kmtservices.nl\/shop\/producten-shop\/telecom\/meetbrug-en-tdr\/tdr20003\/","og_site_name":"KMT Shop","article_modified_time":"2019-11-19T11:11:26+00:00","og_image":[{"width":862,"height":667,"url":"https:\/\/www.kmtservices.nl\/shop\/wp-content\/uploads\/sites\/2\/2017\/02\/TDR2000_3.jpg","type":"image\/jpeg"}],"twitter_card":"summary_large_image","twitter_misc":{"Geschatte leestijd":"1 minuut"},"schema":{"@context":"https:\/\/schema.org","@graph":[{"@type":"WebPage","@id":"https:\/\/www.kmtservices.nl\/shop\/producten-shop\/telecom\/meetbrug-en-tdr\/tdr20003\/","url":"https:\/\/www.kmtservices.nl\/shop\/producten-shop\/telecom\/meetbrug-en-tdr\/tdr20003\/","name":"TDR2000\/3 - Time Domain reflectrometer - koop je bij kmtshop","isPartOf":{"@id":"https:\/\/www.kmtservices.nl\/shop\/#website"},"primaryImageOfPage":{"@id":"https:\/\/www.kmtservices.nl\/shop\/producten-shop\/telecom\/meetbrug-en-tdr\/tdr20003\/#primaryimage"},"image":{"@id":"https:\/\/www.kmtservices.nl\/shop\/producten-shop\/telecom\/meetbrug-en-tdr\/tdr20003\/#primaryimage"},"thumbnailUrl":"https:\/\/www.kmtservices.nl\/shop\/wp-content\/uploads\/sites\/2\/2017\/02\/TDR2000_3.jpg","datePublished":"2014-02-04T11:50:12+00:00","dateModified":"2019-11-19T11:11:26+00:00","description":"De TDR2000\/3, ergonomisch vormgegeven Time Domain reflectometer met 2 trac\u00e9s, meetbereik tot 20 km, resolutie vanaf 0,1 meter, bestel online bij KMT shop.","breadcrumb":{"@id":"https:\/\/www.kmtservices.nl\/shop\/producten-shop\/telecom\/meetbrug-en-tdr\/tdr20003\/#breadcrumb"},"inLanguage":"nl-NL","potentialAction":[{"@type":"ReadAction","target":["https:\/\/www.kmtservices.nl\/shop\/producten-shop\/telecom\/meetbrug-en-tdr\/tdr20003\/"]}]},{"@type":"ImageObject","inLanguage":"nl-NL","@id":"https:\/\/www.kmtservices.nl\/shop\/producten-shop\/telecom\/meetbrug-en-tdr\/tdr20003\/#primaryimage","url":"https:\/\/www.kmtservices.nl\/shop\/wp-content\/uploads\/sites\/2\/2017\/02\/TDR2000_3.jpg","contentUrl":"https:\/\/www.kmtservices.nl\/shop\/wp-content\/uploads\/sites\/2\/2017\/02\/TDR2000_3.jpg","width":862,"height":667,"caption":"tdr2000_3"},{"@type":"BreadcrumbList","@id":"https:\/\/www.kmtservices.nl\/shop\/producten-shop\/telecom\/meetbrug-en-tdr\/tdr20003\/#breadcrumb","itemListElement":[{"@type":"ListItem","position":1,"name":"Home","item":"https:\/\/www.kmtservices.nl\/shop\/"},{"@type":"ListItem","position":2,"name":"Producten &#038; Shop","item":"https:\/\/www.kmtservices.nl\/shop\/producten-shop\/"},{"@type":"ListItem","position":3,"name":"TDR2000\/3"}]},{"@type":"WebSite","@id":"https:\/\/www.kmtservices.nl\/shop\/#website","url":"https:\/\/www.kmtservices.nl\/shop\/","name":"KMT Shop","description":"Een onderdeel van KMT Services B.V.","potentialAction":[{"@type":"SearchAction","target":{"@type":"EntryPoint","urlTemplate":"https:\/\/www.kmtservices.nl\/shop\/?s={search_term_string}"},"query-input":{"@type":"PropertyValueSpecification","valueRequired":true,"valueName":"search_term_string"}}],"inLanguage":"nl-NL"}]}},"_links":{"self":[{"href":"https:\/\/www.kmtservices.nl\/shop\/wp-json\/wp\/v2\/product\/139","targetHints":{"allow":["GET"]}}],"collection":[{"href":"https:\/\/www.kmtservices.nl\/shop\/wp-json\/wp\/v2\/product"}],"about":[{"href":"https:\/\/www.kmtservices.nl\/shop\/wp-json\/wp\/v2\/types\/product"}],"replies":[{"embeddable":true,"href":"https:\/\/www.kmtservices.nl\/shop\/wp-json\/wp\/v2\/comments?post=139"}],"wp:featuredmedia":[{"embeddable":true,"href":"https:\/\/www.kmtservices.nl\/shop\/wp-json\/wp\/v2\/media\/725"}],"wp:attachment":[{"href":"https:\/\/www.kmtservices.nl\/shop\/wp-json\/wp\/v2\/media?parent=139"}],"wp:term":[{"taxonomy":"product_brand","embeddable":true,"href":"https:\/\/www.kmtservices.nl\/shop\/wp-json\/wp\/v2\/product_brand?post=139"},{"taxonomy":"product_cat","embeddable":true,"href":"https:\/\/www.kmtservices.nl\/shop\/wp-json\/wp\/v2\/product_cat?post=139"},{"taxonomy":"product_tag","embeddable":true,"href":"https:\/\/www.kmtservices.nl\/shop\/wp-json\/wp\/v2\/product_tag?post=139"}],"curies":[{"name":"wp","href":"https:\/\/api.w.org\/{rel}","templated":true}]}}